{"id":51,"date":"2017-01-19T17:15:09","date_gmt":"2017-01-19T16:15:09","guid":{"rendered":"http:\/\/www.jvdlazby.cz\/?page_id=51"},"modified":"2023-08-07T16:45:02","modified_gmt":"2023-08-07T14:45:02","slug":"galerie","status":"publish","type":"page","link":"https:\/\/www.jvdlazby.cz\/?page_id=51","title":{"rendered":"Galerie"},"content":{"rendered":"<p>\t\t<div id=\"album_gallery_201\" class=\"awp_center col-lg-3 col-md-3 col-sm-3 col-xs-6\">\n\t\t\t\t\t<div class=\"\n\t\t\t\t\t\t\">\n\t\t\t\t\t\t\t\t\n\t\t\t\t\t<!-- Stacks Hover Effect -->\n\t\t\t\t\t<a href=\"https:\/\/www.jvdlazby.cz\/wp-content\/uploads\/2017\/01\/DSCN5376.jpg\t\t\t\t\t\" \n\t\t\t\t\t\t\t\t\t\tclass=\"swipebox-201\" title=\"Stamont Jarom\u011b\u0159\">\n\t\t\t\t\t\t<div class=\"group\">\n\t\t\t\t\t\t\t<div class=\"stack twisted animated none\">\n\t\t\t\t\t\t\t\t<img src=\"https:\/\/www.jvdlazby.cz\/wp-content\/uploads\/2017\/01\/DSCN5376.jpg\" alt=\"Stamont Jarom\u011b\u0159\">\n\t\t\t\t\t\t\t<\/div>\n\t\t\t\t\t\t<\/div>\n\t\t\t\t\t<\/a>\n\t\t\t\t\t\t\t<\/div>\n\t\t\t\t\t\t<div class=\"\n\t\t\thidden\t\t\t\">\n\t\t\t\t\t\t\t\t\n\t\t\t\t\t<!-- Stacks Hover Effect -->\n\t\t\t\t\t<a href=\"https:\/\/www.jvdlazby.cz\/wp-content\/uploads\/2017\/01\/DSCN5365.jpg\t\t\t\t\t\" \n\t\t\t\t\t\t\t\t\t\tclass=\"swipebox-201\" title=\"DSCN5365\">\n\t\t\t\t\t\t<div class=\"group\">\n\t\t\t\t\t\t\t<div class=\"stack twisted animated none\">\n\t\t\t\t\t\t\t\t<img src=\"https:\/\/www.jvdlazby.cz\/wp-content\/uploads\/2017\/01\/DSCN5365.jpg\" alt=\"DSCN5365\">\n\t\t\t\t\t\t\t<\/div>\n\t\t\t\t\t\t<\/div>\n\t\t\t\t\t<\/a>\n\t\t\t\t\t\t\t<\/div>\n\t\t\t\t\t\t<div class=\"\n\t\t\thidden\t\t\t\">\n\t\t\t\t\t\t\t\t\n\t\t\t\t\t<!-- Stacks Hover Effect -->\n\t\t\t\t\t<a href=\"https:\/\/www.jvdlazby.cz\/wp-content\/uploads\/2017\/01\/DSCN5378.jpg\t\t\t\t\t\" \n\t\t\t\t\t\t\t\t\t\tclass=\"swipebox-201\" title=\"DSCN5378\">\n\t\t\t\t\t\t<div class=\"group\">\n\t\t\t\t\t\t\t<div class=\"stack twisted animated none\">\n\t\t\t\t\t\t\t\t<img src=\"https:\/\/www.jvdlazby.cz\/wp-content\/uploads\/2017\/01\/DSCN5378.jpg\" alt=\"DSCN5378\">\n\t\t\t\t\t\t\t<\/div>\n\t\t\t\t\t\t<\/div>\n\t\t\t\t\t<\/a>\n\t\t\t\t\t\t\t<\/div>\n\t\t\t\t\t\t<div class=\"\n\t\t\thidden\t\t\t\">\n\t\t\t\t\t\t\t\t\n\t\t\t\t\t<!-- Stacks Hover Effect -->\n\t\t\t\t\t<a href=\"https:\/\/www.jvdlazby.cz\/wp-content\/uploads\/2017\/01\/DSCN5394.jpg\t\t\t\t\t\" \n\t\t\t\t\t\t\t\t\t\tclass=\"swipebox-201\" title=\"DSCN5394\">\n\t\t\t\t\t\t<div class=\"group\">\n\t\t\t\t\t\t\t<div class=\"stack twisted animated none\">\n\t\t\t\t\t\t\t\t<img src=\"https:\/\/www.jvdlazby.cz\/wp-content\/uploads\/2017\/01\/DSCN5394.jpg\" alt=\"DSCN5394\">\n\t\t\t\t\t\t\t<\/div>\n\t\t\t\t\t\t<\/div>\n\t\t\t\t\t<\/a>\n\t\t\t\t\t\t\t<\/div>\n\t\t\t\t\t\t<div class=\"\n\t\t\thidden\t\t\t\">\n\t\t\t\t\t\t\t\t\n\t\t\t\t\t<!-- Stacks Hover Effect -->\n\t\t\t\t\t<a href=\"https:\/\/www.jvdlazby.cz\/wp-content\/uploads\/2017\/01\/IMG_20170102_0002.jpg\t\t\t\t\t\" \n\t\t\t\t\t\t\t\t\t\tclass=\"swipebox-201\" title=\"IMG_20170102_0002\">\n\t\t\t\t\t\t<div class=\"group\">\n\t\t\t\t\t\t\t<div class=\"stack twisted animated none\">\n\t\t\t\t\t\t\t\t<img src=\"https:\/\/www.jvdlazby.cz\/wp-content\/uploads\/2017\/01\/IMG_20170102_0002.jpg\" alt=\"IMG_20170102_0002\">\n\t\t\t\t\t\t\t<\/div>\n\t\t\t\t\t\t<\/div>\n\t\t\t\t\t<\/a>\n\t\t\t\t\t\t\t<\/div>\n\t\t\t\t\t<\/div>\n\t\t<style>\n.awp_center {\n    text-align: center !important;\n}\n\t .stack { height : 100px; } \t .fifth-effect .mask { border:85px solid rgba(0,0,0,0.7); } \n\t.col-lg-12 .stack { margin: 3% 36%; } .col-lg-12 .view { margin: 5% 37%; }\n.col-lg-6  .stack { margin: 6% 22%; } .col-lg-6  .view { margin: 5% 22%; } \n.col-lg-4  .stack { margin: 10% 7%; } .col-lg-4  .view { margin: 5% 6%; } \n.col-lg-3  .stack { margin: 15% 3%; } .col-lg-3  .view { margin: 5% 1%; }\n\n\n\t .fifth-effect .mask { border:85px solid rgba(0,0,0,0.7); } \n\t\t .fifth-effect .mask { border:100px solid rgba(0,0,0,0.7); } .view {\t \n\t\t  margin: 0 0 5% 0%; \t\t\n\t \t  margin: 5% 0%; }\n\n.mask {\n\tcursor : pointer;\n}\n<\/style>\n<script type=\"application\/javascript\">\njQuery( document ).ready(function() {\n\t\t\/\/ PhotoBox\n\t\tjQuery('#album_gallery_201').photobox('a');\n\t\t\/\/ or with a fancier selector and some settings, and a callback:\n\t\tjQuery('#album_gallery_201').photobox('a:first', { thumbs:false, time:0 }, imageLoaded);\n\t\tfunction imageLoaded() {\n\t\t\tconsole.log('image has been loaded...');\n\t\t}\n\n\t\n\t\/\/Isotope function for masonary\n\tvar $grid = jQuery('.album_gallery_main').isotope({\n\t\t\/\/ options...\n\t\titemSelector: '.album_gallery_single',\n\t});\n\t\/\/ layout Isotope after each image loads\n\t$grid.imagesLoaded().progress( function() {\n\t\t$grid.isotope('layout');\n\t});\n});\n<\/script>\n\t\t<div id=\"album_gallery_209\" class=\"awp_center col-lg-3 col-md-3 col-sm-3 col-xs-6\">\n\t\t\t\t\t<div class=\"\n\t\t\t\t\t\t\">\n\t\t\t\t\t\t\t\t\n\t\t\t\t\t<!-- Stacks Hover Effect -->\n\t\t\t\t\t<a href=\"https:\/\/www.jvdlazby.cz\/wp-content\/uploads\/2017\/01\/DSCN5810.jpg\t\t\t\t\t\" \n\t\t\t\t\t\t\t\t\t\tclass=\"swipebox-209\" title=\"Z\u0160 Bo\u017eeny N\u011bmcov\u00e9 Jarom\u011b\u0159\">\n\t\t\t\t\t\t<div class=\"group\">\n\t\t\t\t\t\t\t<div class=\"stack twisted animated none\">\n\t\t\t\t\t\t\t\t<img src=\"https:\/\/www.jvdlazby.cz\/wp-content\/uploads\/2017\/01\/DSCN5810.jpg\" alt=\"Z\u0160 Bo\u017eeny N\u011bmcov\u00e9 Jarom\u011b\u0159\">\n\t\t\t\t\t\t\t<\/div>\n\t\t\t\t\t\t<\/div>\n\t\t\t\t\t<\/a>\n\t\t\t\t\t\t\t<\/div>\n\t\t\t\t\t\t<div class=\"\n\t\t\thidden\t\t\t\">\n\t\t\t\t\t\t\t\t\n\t\t\t\t\t<!-- Stacks Hover Effect -->\n\t\t\t\t\t<a href=\"https:\/\/www.jvdlazby.cz\/wp-content\/uploads\/2017\/01\/DSCN5709.jpg\t\t\t\t\t\" \n\t\t\t\t\t\t\t\t\t\tclass=\"swipebox-209\" title=\"DSCN5709\">\n\t\t\t\t\t\t<div class=\"group\">\n\t\t\t\t\t\t\t<div class=\"stack twisted animated none\">\n\t\t\t\t\t\t\t\t<img src=\"https:\/\/www.jvdlazby.cz\/wp-content\/uploads\/2017\/01\/DSCN5709.jpg\" alt=\"DSCN5709\">\n\t\t\t\t\t\t\t<\/div>\n\t\t\t\t\t\t<\/div>\n\t\t\t\t\t<\/a>\n\t\t\t\t\t\t\t<\/div>\n\t\t\t\t\t\t<div class=\"\n\t\t\thidden\t\t\t\">\n\t\t\t\t\t\t\t\t\n\t\t\t\t\t<!-- Stacks Hover Effect -->\n\t\t\t\t\t<a href=\"https:\/\/www.jvdlazby.cz\/wp-content\/uploads\/2017\/01\/DSCN5728.jpg\t\t\t\t\t\" \n\t\t\t\t\t\t\t\t\t\tclass=\"swipebox-209\" title=\"DSCN5728\">\n\t\t\t\t\t\t<div class=\"group\">\n\t\t\t\t\t\t\t<div class=\"stack twisted animated none\">\n\t\t\t\t\t\t\t\t<img src=\"https:\/\/www.jvdlazby.cz\/wp-content\/uploads\/2017\/01\/DSCN5728.jpg\" alt=\"DSCN5728\">\n\t\t\t\t\t\t\t<\/div>\n\t\t\t\t\t\t<\/div>\n\t\t\t\t\t<\/a>\n\t\t\t\t\t\t\t<\/div>\n\t\t\t\t\t\t<div class=\"\n\t\t\thidden\t\t\t\">\n\t\t\t\t\t\t\t\t\n\t\t\t\t\t<!-- Stacks Hover Effect -->\n\t\t\t\t\t<a href=\"https:\/\/www.jvdlazby.cz\/wp-content\/uploads\/2017\/01\/DSCN5752.jpg\t\t\t\t\t\" \n\t\t\t\t\t\t\t\t\t\tclass=\"swipebox-209\" title=\"DSCN5752\">\n\t\t\t\t\t\t<div class=\"group\">\n\t\t\t\t\t\t\t<div class=\"stack twisted animated none\">\n\t\t\t\t\t\t\t\t<img src=\"https:\/\/www.jvdlazby.cz\/wp-content\/uploads\/2017\/01\/DSCN5752.jpg\" alt=\"DSCN5752\">\n\t\t\t\t\t\t\t<\/div>\n\t\t\t\t\t\t<\/div>\n\t\t\t\t\t<\/a>\n\t\t\t\t\t\t\t<\/div>\n\t\t\t\t\t\t<div class=\"\n\t\t\thidden\t\t\t\">\n\t\t\t\t\t\t\t\t\n\t\t\t\t\t<!-- Stacks Hover Effect -->\n\t\t\t\t\t<a href=\"https:\/\/www.jvdlazby.cz\/wp-content\/uploads\/2017\/01\/DSCN5802.jpg\t\t\t\t\t\" \n\t\t\t\t\t\t\t\t\t\tclass=\"swipebox-209\" title=\"DSCN5802\">\n\t\t\t\t\t\t<div class=\"group\">\n\t\t\t\t\t\t\t<div class=\"stack twisted animated none\">\n\t\t\t\t\t\t\t\t<img src=\"https:\/\/www.jvdlazby.cz\/wp-content\/uploads\/2017\/01\/DSCN5802.jpg\" alt=\"DSCN5802\">\n\t\t\t\t\t\t\t<\/div>\n\t\t\t\t\t\t<\/div>\n\t\t\t\t\t<\/a>\n\t\t\t\t\t\t\t<\/div>\n\t\t\t\t\t\t<div class=\"\n\t\t\thidden\t\t\t\">\n\t\t\t\t\t\t\t\t\n\t\t\t\t\t<!-- Stacks Hover Effect -->\n\t\t\t\t\t<a href=\"https:\/\/www.jvdlazby.cz\/wp-content\/uploads\/2017\/01\/DSCN5804.jpg\t\t\t\t\t\" \n\t\t\t\t\t\t\t\t\t\tclass=\"swipebox-209\" title=\"DSCN5804\">\n\t\t\t\t\t\t<div class=\"group\">\n\t\t\t\t\t\t\t<div class=\"stack twisted animated none\">\n\t\t\t\t\t\t\t\t<img src=\"https:\/\/www.jvdlazby.cz\/wp-content\/uploads\/2017\/01\/DSCN5804.jpg\" alt=\"DSCN5804\">\n\t\t\t\t\t\t\t<\/div>\n\t\t\t\t\t\t<\/div>\n\t\t\t\t\t<\/a>\n\t\t\t\t\t\t\t<\/div>\n\t\t\t\t\t\t<div class=\"\n\t\t\thidden\t\t\t\">\n\t\t\t\t\t\t\t\t\n\t\t\t\t\t<!-- Stacks Hover Effect -->\n\t\t\t\t\t<a href=\"https:\/\/www.jvdlazby.cz\/wp-content\/uploads\/2017\/01\/DSCN5714.jpg\t\t\t\t\t\" \n\t\t\t\t\t\t\t\t\t\tclass=\"swipebox-209\" title=\"DSCN5714\">\n\t\t\t\t\t\t<div class=\"group\">\n\t\t\t\t\t\t\t<div class=\"stack twisted animated none\">\n\t\t\t\t\t\t\t\t<img src=\"https:\/\/www.jvdlazby.cz\/wp-content\/uploads\/2017\/01\/DSCN5714.jpg\" alt=\"DSCN5714\">\n\t\t\t\t\t\t\t<\/div>\n\t\t\t\t\t\t<\/div>\n\t\t\t\t\t<\/a>\n\t\t\t\t\t\t\t<\/div>\n\t\t\t\t\t\t<div class=\"\n\t\t\thidden\t\t\t\">\n\t\t\t\t\t\t\t\t\n\t\t\t\t\t<!-- Stacks Hover Effect -->\n\t\t\t\t\t<a href=\"https:\/\/www.jvdlazby.cz\/wp-content\/uploads\/2017\/01\/DSCN5790.jpg\t\t\t\t\t\" \n\t\t\t\t\t\t\t\t\t\tclass=\"swipebox-209\" title=\"DSCN5790\">\n\t\t\t\t\t\t<div class=\"group\">\n\t\t\t\t\t\t\t<div class=\"stack twisted animated none\">\n\t\t\t\t\t\t\t\t<img src=\"https:\/\/www.jvdlazby.cz\/wp-content\/uploads\/2017\/01\/DSCN5790.jpg\" alt=\"DSCN5790\">\n\t\t\t\t\t\t\t<\/div>\n\t\t\t\t\t\t<\/div>\n\t\t\t\t\t<\/a>\n\t\t\t\t\t\t\t<\/div>\n\t\t\t\t\t\t<div class=\"\n\t\t\thidden\t\t\t\">\n\t\t\t\t\t\t\t\t\n\t\t\t\t\t<!-- Stacks Hover Effect -->\n\t\t\t\t\t<a href=\"https:\/\/www.jvdlazby.cz\/wp-content\/uploads\/2017\/01\/DSCN5780.jpg\t\t\t\t\t\" \n\t\t\t\t\t\t\t\t\t\tclass=\"swipebox-209\" title=\"DSCN5780\">\n\t\t\t\t\t\t<div class=\"group\">\n\t\t\t\t\t\t\t<div class=\"stack twisted animated none\">\n\t\t\t\t\t\t\t\t<img src=\"https:\/\/www.jvdlazby.cz\/wp-content\/uploads\/2017\/01\/DSCN5780.jpg\" alt=\"DSCN5780\">\n\t\t\t\t\t\t\t<\/div>\n\t\t\t\t\t\t<\/div>\n\t\t\t\t\t<\/a>\n\t\t\t\t\t\t\t<\/div>\n\t\t\t\t\t<\/div>\n\t\t<style>\n.awp_center {\n    text-align: center !important;\n}\n\t .stack { height : 100px; } \t .fifth-effect .mask { border:85px solid rgba(0,0,0,0.7); } \n\t.col-lg-12 .stack { margin: 3% 36%; } .col-lg-12 .view { margin: 5% 37%; }\n.col-lg-6  .stack { margin: 6% 22%; } .col-lg-6  .view { margin: 5% 22%; } \n.col-lg-4  .stack { margin: 10% 7%; } .col-lg-4  .view { margin: 5% 6%; } \n.col-lg-3  .stack { margin: 15% 3%; } .col-lg-3  .view { margin: 5% 1%; }\n\n\n\t .fifth-effect .mask { border:85px solid rgba(0,0,0,0.7); } \n\t\t .fifth-effect .mask { border:100px solid rgba(0,0,0,0.7); } .view {\t \n\t\t  margin: 0 0 5% 0%; \t\t\n\t \t  margin: 5% 0%; }\n\n.mask {\n\tcursor : pointer;\n}\n<\/style>\n<script type=\"application\/javascript\">\njQuery( document ).ready(function() {\n\t\t\/\/ PhotoBox\n\t\tjQuery('#album_gallery_209').photobox('a');\n\t\t\/\/ or with a fancier selector and some settings, and a callback:\n\t\tjQuery('#album_gallery_209').photobox('a:first', { thumbs:false, time:0 }, imageLoaded);\n\t\tfunction imageLoaded() {\n\t\t\tconsole.log('image has been loaded...');\n\t\t}\n\n\t\n\t\/\/Isotope function for masonary\n\tvar $grid = jQuery('.album_gallery_main').isotope({\n\t\t\/\/ options...\n\t\titemSelector: '.album_gallery_single',\n\t});\n\t\/\/ layout Isotope after each image loads\n\t$grid.imagesLoaded().progress( function() {\n\t\t$grid.isotope('layout');\n\t});\n});\n<\/script>\n\t\t<div id=\"album_gallery_211\" class=\"awp_center col-lg-3 col-md-3 col-sm-3 col-xs-6\">\n\t\t\t\t\t<div class=\"\n\t\t\t\t\t\t\">\n\t\t\t\t\t\t\t\t\n\t\t\t\t\t<!-- Stacks Hover Effect -->\n\t\t\t\t\t<a href=\"https:\/\/www.jvdlazby.cz\/wp-content\/uploads\/2017\/01\/DSCN0571.jpg\t\t\t\t\t\" \n\t\t\t\t\t\t\t\t\t\tclass=\"swipebox-211\" title=\"Josefov \u2013 P\u0159elo\u017eka chodn\u00edku ulice Tyr\u0161ova\">\n\t\t\t\t\t\t<div class=\"group\">\n\t\t\t\t\t\t\t<div class=\"stack twisted animated none\">\n\t\t\t\t\t\t\t\t<img src=\"https:\/\/www.jvdlazby.cz\/wp-content\/uploads\/2017\/01\/DSCN0571-300x225.jpg\" alt=\"Josefov \u2013 P\u0159elo\u017eka chodn\u00edku ulice Tyr\u0161ova\">\n\t\t\t\t\t\t\t<\/div>\n\t\t\t\t\t\t<\/div>\n\t\t\t\t\t<\/a>\n\t\t\t\t\t\t\t<\/div>\n\t\t\t\t\t\t<div class=\"\n\t\t\thidden\t\t\t\">\n\t\t\t\t\t\t\t\t\n\t\t\t\t\t<!-- Stacks Hover Effect -->\n\t\t\t\t\t<a href=\"https:\/\/www.jvdlazby.cz\/wp-content\/uploads\/2017\/01\/DSCN0702.jpg\t\t\t\t\t\" \n\t\t\t\t\t\t\t\t\t\tclass=\"swipebox-211\" title=\"DSCN0702\">\n\t\t\t\t\t\t<div class=\"group\">\n\t\t\t\t\t\t\t<div class=\"stack twisted animated none\">\n\t\t\t\t\t\t\t\t<img src=\"https:\/\/www.jvdlazby.cz\/wp-content\/uploads\/2017\/01\/DSCN0702.jpg\" alt=\"DSCN0702\">\n\t\t\t\t\t\t\t<\/div>\n\t\t\t\t\t\t<\/div>\n\t\t\t\t\t<\/a>\n\t\t\t\t\t\t\t<\/div>\n\t\t\t\t\t<\/div>\n\t\t<style>\n.awp_center {\n    text-align: center !important;\n}\n\t .stack { height : 100px; } \t .fifth-effect .mask { border:85px solid rgba(0,0,0,0.7); } \n\t.col-lg-12 .stack { margin: 3% 36%; } .col-lg-12 .view { margin: 5% 37%; }\n.col-lg-6  .stack { margin: 6% 22%; } .col-lg-6  .view { margin: 5% 22%; } \n.col-lg-4  .stack { margin: 10% 7%; } .col-lg-4  .view { margin: 5% 6%; } \n.col-lg-3  .stack { margin: 15% 3%; } .col-lg-3  .view { margin: 5% 1%; }\n\n\n\t .fifth-effect .mask { border:85px solid rgba(0,0,0,0.7); } \n\t\t .fifth-effect .mask { border:100px solid rgba(0,0,0,0.7); } .view {\t \n\t\t  margin: 0 0 5% 0%; \t\t\n\t \t  margin: 5% 0%; }\n\n.mask {\n\tcursor : pointer;\n}\n<\/style>\n<script type=\"application\/javascript\">\njQuery( document ).ready(function() {\n\t\t\/\/ PhotoBox\n\t\tjQuery('#album_gallery_211').photobox('a');\n\t\t\/\/ or with a fancier selector and some settings, and a callback:\n\t\tjQuery('#album_gallery_211').photobox('a:first', { thumbs:false, time:0 }, imageLoaded);\n\t\tfunction imageLoaded() {\n\t\t\tconsole.log('image has been loaded...');\n\t\t}\n\n\t\n\t\/\/Isotope function for masonary\n\tvar $grid = jQuery('.album_gallery_main').isotope({\n\t\t\/\/ options...\n\t\titemSelector: '.album_gallery_single',\n\t});\n\t\/\/ layout Isotope after each image loads\n\t$grid.imagesLoaded().progress( function() {\n\t\t$grid.isotope('layout');\n\t});\n});\n<\/script>\n<\/p>\n\t\t<div id=\"album_gallery_213\" class=\"awp_center col-lg-3 col-md-3 col-sm-3 col-xs-6\">\n\t\t\t\t\t<div class=\"\n\t\t\t\t\t\t\">\n\t\t\t\t\t\t\t\t\n\t\t\t\t\t<!-- Stacks Hover Effect -->\n\t\t\t\t\t<a href=\"https:\/\/www.jvdlazby.cz\/wp-content\/uploads\/2020\/01\/IMG_0060-scaled.jpg\t\t\t\t\t\" \n\t\t\t\t\t\t\t\t\t\tclass=\"swipebox-213\" title=\"2x rekonstrukce koupelny\">\n\t\t\t\t\t\t<div class=\"group\">\n\t\t\t\t\t\t\t<div class=\"stack twisted animated none\">\n\t\t\t\t\t\t\t\t<img src=\"https:\/\/www.jvdlazby.cz\/wp-content\/uploads\/2020\/01\/IMG_0060-scaled.jpg\" alt=\"2x rekonstrukce koupelny\">\n\t\t\t\t\t\t\t<\/div>\n\t\t\t\t\t\t<\/div>\n\t\t\t\t\t<\/a>\n\t\t\t\t\t\t\t<\/div>\n\t\t\t\t\t\t<div class=\"\n\t\t\thidden\t\t\t\">\n\t\t\t\t\t\t\t\t\n\t\t\t\t\t<!-- Stacks Hover Effect -->\n\t\t\t\t\t<a href=\"https:\/\/www.jvdlazby.cz\/wp-content\/uploads\/2020\/01\/IMG_0058-scaled.jpg\t\t\t\t\t\" \n\t\t\t\t\t\t\t\t\t\tclass=\"swipebox-213\" title=\"2x rekonstrukce koupelny\">\n\t\t\t\t\t\t<div class=\"group\">\n\t\t\t\t\t\t\t<div class=\"stack twisted animated none\">\n\t\t\t\t\t\t\t\t<img src=\"https:\/\/www.jvdlazby.cz\/wp-content\/uploads\/2020\/01\/IMG_0058-scaled.jpg\" alt=\"2x rekonstrukce koupelny\">\n\t\t\t\t\t\t\t<\/div>\n\t\t\t\t\t\t<\/div>\n\t\t\t\t\t<\/a>\n\t\t\t\t\t\t\t<\/div>\n\t\t\t\t\t\t<div class=\"\n\t\t\thidden\t\t\t\">\n\t\t\t\t\t\t\t\t\n\t\t\t\t\t<!-- Stacks Hover Effect -->\n\t\t\t\t\t<a href=\"https:\/\/www.jvdlazby.cz\/wp-content\/uploads\/2020\/01\/IMG_0057-scaled.jpg\t\t\t\t\t\" \n\t\t\t\t\t\t\t\t\t\tclass=\"swipebox-213\" title=\"IMG_0057\">\n\t\t\t\t\t\t<div class=\"group\">\n\t\t\t\t\t\t\t<div class=\"stack twisted animated none\">\n\t\t\t\t\t\t\t\t<img src=\"https:\/\/www.jvdlazby.cz\/wp-content\/uploads\/2020\/01\/IMG_0057-scaled.jpg\" alt=\"IMG_0057\">\n\t\t\t\t\t\t\t<\/div>\n\t\t\t\t\t\t<\/div>\n\t\t\t\t\t<\/a>\n\t\t\t\t\t\t\t<\/div>\n\t\t\t\t\t\t<div class=\"\n\t\t\thidden\t\t\t\">\n\t\t\t\t\t\t\t\t\n\t\t\t\t\t<!-- Stacks Hover Effect -->\n\t\t\t\t\t<a href=\"https:\/\/www.jvdlazby.cz\/wp-content\/uploads\/2020\/01\/IMG_0059-scaled.jpg\t\t\t\t\t\" \n\t\t\t\t\t\t\t\t\t\tclass=\"swipebox-213\" title=\"IMG_0059\">\n\t\t\t\t\t\t<div class=\"group\">\n\t\t\t\t\t\t\t<div class=\"stack twisted animated none\">\n\t\t\t\t\t\t\t\t<img src=\"https:\/\/www.jvdlazby.cz\/wp-content\/uploads\/2020\/01\/IMG_0059-scaled.jpg\" alt=\"IMG_0059\">\n\t\t\t\t\t\t\t<\/div>\n\t\t\t\t\t\t<\/div>\n\t\t\t\t\t<\/a>\n\t\t\t\t\t\t\t<\/div>\n\t\t\t\t\t\t<div class=\"\n\t\t\thidden\t\t\t\">\n\t\t\t\t\t\t\t\t\n\t\t\t\t\t<!-- Stacks Hover Effect -->\n\t\t\t\t\t<a href=\"https:\/\/www.jvdlazby.cz\/wp-content\/uploads\/2020\/01\/IMG_0065-scaled.jpg\t\t\t\t\t\" \n\t\t\t\t\t\t\t\t\t\tclass=\"swipebox-213\" title=\"IMG_0065\">\n\t\t\t\t\t\t<div class=\"group\">\n\t\t\t\t\t\t\t<div class=\"stack twisted animated none\">\n\t\t\t\t\t\t\t\t<img src=\"https:\/\/www.jvdlazby.cz\/wp-content\/uploads\/2020\/01\/IMG_0065-scaled.jpg\" alt=\"IMG_0065\">\n\t\t\t\t\t\t\t<\/div>\n\t\t\t\t\t\t<\/div>\n\t\t\t\t\t<\/a>\n\t\t\t\t\t\t\t<\/div>\n\t\t\t\t\t\t<div class=\"\n\t\t\thidden\t\t\t\">\n\t\t\t\t\t\t\t\t\n\t\t\t\t\t<!-- Stacks Hover Effect -->\n\t\t\t\t\t<a href=\"https:\/\/www.jvdlazby.cz\/wp-content\/uploads\/2020\/01\/IMG_0067-scaled.jpg\t\t\t\t\t\" \n\t\t\t\t\t\t\t\t\t\tclass=\"swipebox-213\" title=\"IMG_0067\">\n\t\t\t\t\t\t<div class=\"group\">\n\t\t\t\t\t\t\t<div class=\"stack twisted animated none\">\n\t\t\t\t\t\t\t\t<img src=\"https:\/\/www.jvdlazby.cz\/wp-content\/uploads\/2020\/01\/IMG_0067-scaled.jpg\" alt=\"IMG_0067\">\n\t\t\t\t\t\t\t<\/div>\n\t\t\t\t\t\t<\/div>\n\t\t\t\t\t<\/a>\n\t\t\t\t\t\t\t<\/div>\n\t\t\t\t\t\t<div class=\"\n\t\t\thidden\t\t\t\">\n\t\t\t\t\t\t\t\t\n\t\t\t\t\t<!-- Stacks Hover Effect -->\n\t\t\t\t\t<a href=\"https:\/\/www.jvdlazby.cz\/wp-content\/uploads\/2020\/01\/IMG_0069-scaled.jpg\t\t\t\t\t\" \n\t\t\t\t\t\t\t\t\t\tclass=\"swipebox-213\" title=\"IMG_0069\">\n\t\t\t\t\t\t<div class=\"group\">\n\t\t\t\t\t\t\t<div class=\"stack twisted animated none\">\n\t\t\t\t\t\t\t\t<img src=\"https:\/\/www.jvdlazby.cz\/wp-content\/uploads\/2020\/01\/IMG_0069-scaled.jpg\" alt=\"IMG_0069\">\n\t\t\t\t\t\t\t<\/div>\n\t\t\t\t\t\t<\/div>\n\t\t\t\t\t<\/a>\n\t\t\t\t\t\t\t<\/div>\n\t\t\t\t\t\t<div class=\"\n\t\t\thidden\t\t\t\">\n\t\t\t\t\t\t\t\t\n\t\t\t\t\t<!-- Stacks Hover Effect -->\n\t\t\t\t\t<a href=\"https:\/\/www.jvdlazby.cz\/wp-content\/uploads\/2020\/01\/IMG_1622-scaled.jpg\t\t\t\t\t\" \n\t\t\t\t\t\t\t\t\t\tclass=\"swipebox-213\" title=\"IMG_1622\">\n\t\t\t\t\t\t<div class=\"group\">\n\t\t\t\t\t\t\t<div class=\"stack twisted animated none\">\n\t\t\t\t\t\t\t\t<img src=\"https:\/\/www.jvdlazby.cz\/wp-content\/uploads\/2020\/01\/IMG_1622-scaled.jpg\" alt=\"IMG_1622\">\n\t\t\t\t\t\t\t<\/div>\n\t\t\t\t\t\t<\/div>\n\t\t\t\t\t<\/a>\n\t\t\t\t\t\t\t<\/div>\n\t\t\t\t\t\t<div class=\"\n\t\t\thidden\t\t\t\">\n\t\t\t\t\t\t\t\t\n\t\t\t\t\t<!-- Stacks Hover Effect -->\n\t\t\t\t\t<a href=\"https:\/\/www.jvdlazby.cz\/wp-content\/uploads\/2020\/01\/IMG_1623-scaled.jpg\t\t\t\t\t\" \n\t\t\t\t\t\t\t\t\t\tclass=\"swipebox-213\" title=\"IMG_1623\">\n\t\t\t\t\t\t<div class=\"group\">\n\t\t\t\t\t\t\t<div class=\"stack twisted animated none\">\n\t\t\t\t\t\t\t\t<img src=\"https:\/\/www.jvdlazby.cz\/wp-content\/uploads\/2020\/01\/IMG_1623-scaled.jpg\" alt=\"IMG_1623\">\n\t\t\t\t\t\t\t<\/div>\n\t\t\t\t\t\t<\/div>\n\t\t\t\t\t<\/a>\n\t\t\t\t\t\t\t<\/div>\n\t\t\t\t\t\t<div class=\"\n\t\t\thidden\t\t\t\">\n\t\t\t\t\t\t\t\t\n\t\t\t\t\t<!-- Stacks Hover Effect -->\n\t\t\t\t\t<a href=\"https:\/\/www.jvdlazby.cz\/wp-content\/uploads\/2020\/01\/IMG_1626-scaled.jpg\t\t\t\t\t\" \n\t\t\t\t\t\t\t\t\t\tclass=\"swipebox-213\" title=\"IMG_1626\">\n\t\t\t\t\t\t<div class=\"group\">\n\t\t\t\t\t\t\t<div class=\"stack twisted animated none\">\n\t\t\t\t\t\t\t\t<img src=\"https:\/\/www.jvdlazby.cz\/wp-content\/uploads\/2020\/01\/IMG_1626-scaled.jpg\" alt=\"IMG_1626\">\n\t\t\t\t\t\t\t<\/div>\n\t\t\t\t\t\t<\/div>\n\t\t\t\t\t<\/a>\n\t\t\t\t\t\t\t<\/div>\n\t\t\t\t\t\t<div class=\"\n\t\t\thidden\t\t\t\">\n\t\t\t\t\t\t\t\t\n\t\t\t\t\t<!-- Stacks Hover Effect -->\n\t\t\t\t\t<a href=\"https:\/\/www.jvdlazby.cz\/wp-content\/uploads\/2020\/01\/IMG_1628-scaled.jpg\t\t\t\t\t\" \n\t\t\t\t\t\t\t\t\t\tclass=\"swipebox-213\" title=\"IMG_1628\">\n\t\t\t\t\t\t<div class=\"group\">\n\t\t\t\t\t\t\t<div class=\"stack twisted animated none\">\n\t\t\t\t\t\t\t\t<img src=\"https:\/\/www.jvdlazby.cz\/wp-content\/uploads\/2020\/01\/IMG_1628-scaled.jpg\" alt=\"IMG_1628\">\n\t\t\t\t\t\t\t<\/div>\n\t\t\t\t\t\t<\/div>\n\t\t\t\t\t<\/a>\n\t\t\t\t\t\t\t<\/div>\n\t\t\t\t\t\t<div class=\"\n\t\t\thidden\t\t\t\">\n\t\t\t\t\t\t\t\t\n\t\t\t\t\t<!-- Stacks Hover Effect -->\n\t\t\t\t\t<a href=\"https:\/\/www.jvdlazby.cz\/wp-content\/uploads\/2020\/01\/IMG_1627-scaled.jpg\t\t\t\t\t\" \n\t\t\t\t\t\t\t\t\t\tclass=\"swipebox-213\" title=\"IMG_1627\">\n\t\t\t\t\t\t<div class=\"group\">\n\t\t\t\t\t\t\t<div class=\"stack twisted animated none\">\n\t\t\t\t\t\t\t\t<img src=\"https:\/\/www.jvdlazby.cz\/wp-content\/uploads\/2020\/01\/IMG_1627-scaled.jpg\" alt=\"IMG_1627\">\n\t\t\t\t\t\t\t<\/div>\n\t\t\t\t\t\t<\/div>\n\t\t\t\t\t<\/a>\n\t\t\t\t\t\t\t<\/div>\n\t\t\t\t\t\t<div class=\"\n\t\t\thidden\t\t\t\">\n\t\t\t\t\t\t\t\t\n\t\t\t\t\t<!-- Stacks Hover Effect -->\n\t\t\t\t\t<a href=\"https:\/\/www.jvdlazby.cz\/wp-content\/uploads\/2020\/01\/IMG_1630-scaled.jpg\t\t\t\t\t\" \n\t\t\t\t\t\t\t\t\t\tclass=\"swipebox-213\" title=\"IMG_1630\">\n\t\t\t\t\t\t<div class=\"group\">\n\t\t\t\t\t\t\t<div class=\"stack twisted animated none\">\n\t\t\t\t\t\t\t\t<img src=\"https:\/\/www.jvdlazby.cz\/wp-content\/uploads\/2020\/01\/IMG_1630-scaled.jpg\" alt=\"IMG_1630\">\n\t\t\t\t\t\t\t<\/div>\n\t\t\t\t\t\t<\/div>\n\t\t\t\t\t<\/a>\n\t\t\t\t\t\t\t<\/div>\n\t\t\t\t\t\t<div class=\"\n\t\t\thidden\t\t\t\">\n\t\t\t\t\t\t\t\t\n\t\t\t\t\t<!-- Stacks Hover Effect -->\n\t\t\t\t\t<a href=\"https:\/\/www.jvdlazby.cz\/wp-content\/uploads\/2020\/01\/IMG_1634-scaled.jpg\t\t\t\t\t\" \n\t\t\t\t\t\t\t\t\t\tclass=\"swipebox-213\" title=\"IMG_1634\">\n\t\t\t\t\t\t<div class=\"group\">\n\t\t\t\t\t\t\t<div class=\"stack twisted animated none\">\n\t\t\t\t\t\t\t\t<img src=\"https:\/\/www.jvdlazby.cz\/wp-content\/uploads\/2020\/01\/IMG_1634-scaled.jpg\" alt=\"IMG_1634\">\n\t\t\t\t\t\t\t<\/div>\n\t\t\t\t\t\t<\/div>\n\t\t\t\t\t<\/a>\n\t\t\t\t\t\t\t<\/div>\n\t\t\t\t\t\t<div class=\"\n\t\t\thidden\t\t\t\">\n\t\t\t\t\t\t\t\t\n\t\t\t\t\t<!-- Stacks Hover Effect -->\n\t\t\t\t\t<a href=\"https:\/\/www.jvdlazby.cz\/wp-content\/uploads\/2020\/01\/IMG_1664-scaled.jpg\t\t\t\t\t\" \n\t\t\t\t\t\t\t\t\t\tclass=\"swipebox-213\" title=\"IMG_1664\">\n\t\t\t\t\t\t<div class=\"group\">\n\t\t\t\t\t\t\t<div class=\"stack twisted animated none\">\n\t\t\t\t\t\t\t\t<img src=\"https:\/\/www.jvdlazby.cz\/wp-content\/uploads\/2020\/01\/IMG_1664-scaled.jpg\" alt=\"IMG_1664\">\n\t\t\t\t\t\t\t<\/div>\n\t\t\t\t\t\t<\/div>\n\t\t\t\t\t<\/a>\n\t\t\t\t\t\t\t<\/div>\n\t\t\t\t\t\t<div class=\"\n\t\t\thidden\t\t\t\">\n\t\t\t\t\t\t\t\t\n\t\t\t\t\t<!-- Stacks Hover Effect -->\n\t\t\t\t\t<a href=\"https:\/\/www.jvdlazby.cz\/wp-content\/uploads\/2020\/01\/IMG_1647-scaled.jpg\t\t\t\t\t\" \n\t\t\t\t\t\t\t\t\t\tclass=\"swipebox-213\" title=\"IMG_1647\">\n\t\t\t\t\t\t<div class=\"group\">\n\t\t\t\t\t\t\t<div class=\"stack twisted animated none\">\n\t\t\t\t\t\t\t\t<img src=\"https:\/\/www.jvdlazby.cz\/wp-content\/uploads\/2020\/01\/IMG_1647-scaled.jpg\" alt=\"IMG_1647\">\n\t\t\t\t\t\t\t<\/div>\n\t\t\t\t\t\t<\/div>\n\t\t\t\t\t<\/a>\n\t\t\t\t\t\t\t<\/div>\n\t\t\t\t\t\t<div class=\"\n\t\t\thidden\t\t\t\">\n\t\t\t\t\t\t\t\t\n\t\t\t\t\t<!-- Stacks Hover Effect -->\n\t\t\t\t\t<a href=\"https:\/\/www.jvdlazby.cz\/wp-content\/uploads\/2020\/01\/IMG_1662-scaled.jpg\t\t\t\t\t\" \n\t\t\t\t\t\t\t\t\t\tclass=\"swipebox-213\" title=\"IMG_1662\">\n\t\t\t\t\t\t<div class=\"group\">\n\t\t\t\t\t\t\t<div class=\"stack twisted animated none\">\n\t\t\t\t\t\t\t\t<img src=\"https:\/\/www.jvdlazby.cz\/wp-content\/uploads\/2020\/01\/IMG_1662-scaled.jpg\" alt=\"IMG_1662\">\n\t\t\t\t\t\t\t<\/div>\n\t\t\t\t\t\t<\/div>\n\t\t\t\t\t<\/a>\n\t\t\t\t\t\t\t<\/div>\n\t\t\t\t\t\t<div class=\"\n\t\t\thidden\t\t\t\">\n\t\t\t\t\t\t\t\t\n\t\t\t\t\t<!-- Stacks Hover Effect -->\n\t\t\t\t\t<a href=\"https:\/\/www.jvdlazby.cz\/wp-content\/uploads\/2020\/01\/IMG_1669-scaled.jpg\t\t\t\t\t\" \n\t\t\t\t\t\t\t\t\t\tclass=\"swipebox-213\" title=\"IMG_1669\">\n\t\t\t\t\t\t<div class=\"group\">\n\t\t\t\t\t\t\t<div class=\"stack twisted animated none\">\n\t\t\t\t\t\t\t\t<img src=\"https:\/\/www.jvdlazby.cz\/wp-content\/uploads\/2020\/01\/IMG_1669-scaled.jpg\" alt=\"IMG_1669\">\n\t\t\t\t\t\t\t<\/div>\n\t\t\t\t\t\t<\/div>\n\t\t\t\t\t<\/a>\n\t\t\t\t\t\t\t<\/div>\n\t\t\t\t\t<\/div>\n\t\t<style>\n.awp_center {\n    text-align: center !important;\n}\n\t .stack { height : 100px; } \t .fifth-effect .mask { border:85px solid rgba(0,0,0,0.7); } \n\t.col-lg-12 .stack { margin: 3% 36%; } .col-lg-12 .view { margin: 5% 37%; }\n.col-lg-6  .stack { margin: 6% 22%; } .col-lg-6  .view { margin: 5% 22%; } \n.col-lg-4  .stack { margin: 10% 7%; } .col-lg-4  .view { margin: 5% 6%; } \n.col-lg-3  .stack { margin: 15% 3%; } .col-lg-3  .view { margin: 5% 1%; }\n\n\n\t .fifth-effect .mask { border:85px solid rgba(0,0,0,0.7); } \n\t\t .fifth-effect .mask { border:100px solid rgba(0,0,0,0.7); } .view {\t \n\t\t  margin: 0 0 5% 0%; \t\t\n\t \t  margin: 5% 0%; }\n\n.mask {\n\tcursor : pointer;\n}\n<\/style>\n<script type=\"application\/javascript\">\njQuery( document ).ready(function() {\n\t\t\/\/ PhotoBox\n\t\tjQuery('#album_gallery_213').photobox('a');\n\t\t\/\/ or with a fancier selector and some settings, and a callback:\n\t\tjQuery('#album_gallery_213').photobox('a:first', { thumbs:false, time:0 }, imageLoaded);\n\t\tfunction imageLoaded() {\n\t\t\tconsole.log('image has been loaded...');\n\t\t}\n\n\t\n\t\/\/Isotope function for masonary\n\tvar $grid = jQuery('.album_gallery_main').isotope({\n\t\t\/\/ options...\n\t\titemSelector: '.album_gallery_single',\n\t});\n\t\/\/ layout Isotope after each image loads\n\t$grid.imagesLoaded().progress( function() {\n\t\t$grid.isotope('layout');\n\t});\n});\n<\/script>\n\n","protected":false},"excerpt":{"rendered":"","protected":false},"author":1,"featured_media":0,"parent":0,"menu_order":0,"comment_status":"closed","ping_status":"closed","template":"","meta":[],"_links":{"self":[{"href":"https:\/\/www.jvdlazby.cz\/index.php?rest_route=\/wp\/v2\/pages\/51"}],"collection":[{"href":"https:\/\/www.jvdlazby.cz\/index.php?rest_route=\/wp\/v2\/pages"}],"about":[{"href":"https:\/\/www.jvdlazby.cz\/index.php?rest_route=\/wp\/v2\/types\/page"}],"author":[{"embeddable":true,"href":"https:\/\/www.jvdlazby.cz\/index.php?rest_route=\/wp\/v2\/users\/1"}],"replies":[{"embeddable":true,"href":"https:\/\/www.jvdlazby.cz\/index.php?rest_route=%2Fwp%2Fv2%2Fcomments&post=51"}],"version-history":[{"count":5,"href":"https:\/\/www.jvdlazby.cz\/index.php?rest_route=\/wp\/v2\/pages\/51\/revisions"}],"predecessor-version":[{"id":214,"href":"https:\/\/www.jvdlazby.cz\/index.php?rest_route=\/wp\/v2\/pages\/51\/revisions\/214"}],"wp:attachment":[{"href":"https:\/\/www.jvdlazby.cz\/index.php?rest_route=%2Fwp%2Fv2%2Fmedia&parent=51"}],"curies":[{"name":"wp","href":"https:\/\/api.w.org\/{rel}","templated":true}]}}