{"id":80,"date":"2017-01-21T13:20:56","date_gmt":"2017-01-21T12:20:56","guid":{"rendered":"http:\/\/www.jvdlazby.cz\/?page_id=80"},"modified":"2017-01-22T08:36:55","modified_gmt":"2017-01-22T07:36:55","slug":"vitejte","status":"publish","type":"page","link":"https:\/\/www.jvdlazby.cz\/","title":{"rendered":"V\u00edtejte"},"content":{"rendered":"<h4 style=\"text-align: left;\"><strong>V\u00edtejte na na\u0161ich str\u00e1nk\u00e1ch. Jsme firma, kter\u00e1 se zab\u00fdv\u00e1 pokl\u00e1dkou dla\u017eby a souvisej\u00edc\u00ed \u010dinnost\u00ed. Pokl\u00e1d\u00e1me jak strojn\u011b, tak ru\u010dn\u011b. Zakl\u00e1d\u00e1me si nejen na rychlosti pokl\u00e1dky, ale p\u0159edev\u0161\u00edm na kvalit\u011b proveden\u00e9 pr\u00e1ce.<\/strong><img decoding=\"async\" loading=\"lazy\" class=\"alignnone wp-image-81\" src=\"https:\/\/www.jvdlazby.cz\/wp-content\/uploads\/2017\/01\/076-300x225.jpg\" width=\"754\" height=\"566\" srcset=\"https:\/\/www.jvdlazby.cz\/wp-content\/uploads\/2017\/01\/076-300x225.jpg 300w, https:\/\/www.jvdlazby.cz\/wp-content\/uploads\/2017\/01\/076-768x576.jpg 768w, https:\/\/www.jvdlazby.cz\/wp-content\/uploads\/2017\/01\/076-1024x768.jpg 1024w, https:\/\/www.jvdlazby.cz\/wp-content\/uploads\/2017\/01\/076-160x120.jpg 160w\" sizes=\"(max-width: 754px) 100vw, 754px\" \/> <img decoding=\"async\" loading=\"lazy\" class=\"alignnone wp-image-66\" src=\"https:\/\/www.jvdlazby.cz\/wp-content\/uploads\/2017\/01\/DSCN5394.jpg\" width=\"370\" height=\"278\" srcset=\"https:\/\/www.jvdlazby.cz\/wp-content\/uploads\/2017\/01\/DSCN5394.jpg 4452w, https:\/\/www.jvdlazby.cz\/wp-content\/uploads\/2017\/01\/DSCN5394-160x120.jpg 160w\" sizes=\"(max-width: 370px) 100vw, 370px\" \/><img decoding=\"async\" loading=\"lazy\" class=\"alignnone wp-image-82\" src=\"https:\/\/www.jvdlazby.cz\/wp-content\/uploads\/2017\/01\/DSCN0571-300x225.jpg\" width=\"370\" height=\"277\" srcset=\"https:\/\/www.jvdlazby.cz\/wp-content\/uploads\/2017\/01\/DSCN0571-300x225.jpg 300w, https:\/\/www.jvdlazby.cz\/wp-content\/uploads\/2017\/01\/DSCN0571-768x576.jpg 768w, https:\/\/www.jvdlazby.cz\/wp-content\/uploads\/2017\/01\/DSCN0571-1024x768.jpg 1024w, https:\/\/www.jvdlazby.cz\/wp-content\/uploads\/2017\/01\/DSCN0571-160x120.jpg 160w\" sizes=\"(max-width: 370px) 100vw, 370px\" \/><\/h4>\n","protected":false},"excerpt":{"rendered":"<p>V\u00edtejte na na\u0161ich str\u00e1nk\u00e1ch. Jsme firma, kter\u00e1 se zab\u00fdv\u00e1 pokl\u00e1dkou dla\u017eby a souvisej\u00edc\u00ed \u010dinnost\u00ed. Pokl\u00e1d\u00e1me jak strojn\u011b, tak ru\u010dn\u011b. Zakl\u00e1d\u00e1me si nejen na rychlosti pokl\u00e1dky, ale p\u0159edev\u0161\u00edm na kvalit\u011b proveden\u00e9 pr\u00e1ce.<\/p>\n","protected":false},"author":1,"featured_media":0,"parent":0,"menu_order":0,"comment_status":"closed","ping_status":"closed","template":"","meta":[],"_links":{"self":[{"href":"https:\/\/www.jvdlazby.cz\/index.php?rest_route=\/wp\/v2\/pages\/80"}],"collection":[{"href":"https:\/\/www.jvdlazby.cz\/index.php?rest_route=\/wp\/v2\/pages"}],"about":[{"href":"https:\/\/www.jvdlazby.cz\/index.php?rest_route=\/wp\/v2\/types\/page"}],"author":[{"embeddable":true,"href":"https:\/\/www.jvdlazby.cz\/index.php?rest_route=\/wp\/v2\/users\/1"}],"replies":[{"embeddable":true,"href":"https:\/\/www.jvdlazby.cz\/index.php?rest_route=%2Fwp%2Fv2%2Fcomments&post=80"}],"version-history":[{"count":22,"href":"https:\/\/www.jvdlazby.cz\/index.php?rest_route=\/wp\/v2\/pages\/80\/revisions"}],"predecessor-version":[{"id":126,"href":"https:\/\/www.jvdlazby.cz\/index.php?rest_route=\/wp\/v2\/pages\/80\/revisions\/126"}],"wp:attachment":[{"href":"https:\/\/www.jvdlazby.cz\/index.php?rest_route=%2Fwp%2Fv2%2Fmedia&parent=80"}],"curies":[{"name":"wp","href":"https:\/\/api.w.org\/{rel}","templated":true}]}}